{"id":297,"date":"2022-07-15T15:58:16","date_gmt":"2022-07-15T20:58:16","guid":{"rendered":"http:\/\/alfredoboadaespin.kabuttosoft.com\/?page_id=297"},"modified":"2022-07-15T16:57:29","modified_gmt":"2022-07-15T21:57:29","slug":"autoridades","status":"publish","type":"page","link":"https:\/\/alfredoboadaespin.kabuttosoft.com\/?page_id=297","title":{"rendered":"AUTORIDADES"},"content":{"rendered":"\n<h2 class=\"wp-block-heading\">AUTORIDADES INSTITUCIONALES 2022<\/h2>\n\n\n\n<p>  <\/p>\n\n\n\n<p>  <\/p>\n\n\n\n<h2 class=\"wp-block-heading\">DIRECTORA &#8211; MSc. Lina Valencia<\/h2>\n\n\n\n<figure class=\"wp-block-image size-large is-resized\"><img decoding=\"async\" src=\"http:\/\/alfredoboadaespin.kabuttosoft.com\/wp-content\/uploads\/2022\/07\/20220520_182420-edited-1.jpg\" alt=\"\" class=\"wp-image-313\" width=\"296\" srcset=\"https:\/\/alfredoboadaespin.kabuttosoft.com\/wp-content\/uploads\/2022\/07\/20220520_182420-edited-1.jpg 607w, https:\/\/alfredoboadaespin.kabuttosoft.com\/wp-content\/uploads\/2022\/07\/20220520_182420-edited-1-300x300.jpg 300w, https:\/\/alfredoboadaespin.kabuttosoft.com\/wp-content\/uploads\/2022\/07\/20220520_182420-edited-1-150x150.jpg 150w\" sizes=\"(max-width: 607px) 100vw, 607px\" \/><figcaption>MSc. Lina Valencia<\/figcaption><\/figure>\n\n\n\n<p> <\/p>\n\n\n\n<h2 class=\"wp-block-heading\">Sub Directora &#8211; MSc. Ver\u00f3nica Gallardo<\/h2>\n\n\n\n<figure class=\"wp-block-image size-large is-resized\"><img fetchpriority=\"high\" decoding=\"async\" src=\"http:\/\/alfredoboadaespin.kabuttosoft.com\/wp-content\/uploads\/2022\/07\/Veronica-edited.jpg\" alt=\"\" class=\"wp-image-304\" width=\"301\" height=\"301\" srcset=\"https:\/\/alfredoboadaespin.kabuttosoft.com\/wp-content\/uploads\/2022\/07\/Veronica-edited.jpg 607w, https:\/\/alfredoboadaespin.kabuttosoft.com\/wp-content\/uploads\/2022\/07\/Veronica-edited-300x300.jpg 300w, https:\/\/alfredoboadaespin.kabuttosoft.com\/wp-content\/uploads\/2022\/07\/Veronica-edited-150x150.jpg 150w\" sizes=\"(max-width: 301px) 100vw, 301px\" \/><figcaption>MSc. Ver\u00f3nica Gallardo<\/figcaption><\/figure>\n\n\n\n<h2 class=\"wp-block-heading\">INSPECTOR GENERAL &#8211; Lcdo. Hern\u00e1n Cachimuel O\u00f1a<\/h2>\n\n\n\n<figure class=\"wp-block-image size-full is-resized\"><img decoding=\"async\" src=\"http:\/\/alfredoboadaespin.kabuttosoft.com\/wp-content\/uploads\/2022\/07\/Hernan-edited.jpg\" alt=\"\" class=\"wp-image-309\" width=\"299\" height=\"299\" srcset=\"https:\/\/alfredoboadaespin.kabuttosoft.com\/wp-content\/uploads\/2022\/07\/Hernan-edited.jpg 798w, https:\/\/alfredoboadaespin.kabuttosoft.com\/wp-content\/uploads\/2022\/07\/Hernan-edited-300x300.jpg 300w, https:\/\/alfredoboadaespin.kabuttosoft.com\/wp-content\/uploads\/2022\/07\/Hernan-edited-150x150.jpg 150w, https:\/\/alfredoboadaespin.kabuttosoft.com\/wp-content\/uploads\/2022\/07\/Hernan-edited-768x768.jpg 768w\" sizes=\"(max-width: 299px) 100vw, 299px\" \/><figcaption>Lcdo. Hern\u00e1n Cachimuel O\u00f1a<\/figcaption><\/figure>\n","protected":false},"excerpt":{"rendered":"<p>AUTORIDADES INSTITUCIONALES 2022 DIRECTORA &#8211; MSc. Lina Valencia Sub Directora &#8211; MSc. Ver\u00f3nica Gallardo INSPECTOR GENERAL &#8211; Lcdo. Hern\u00e1n Cachimuel O\u00f1a<\/p>\n","protected":false},"author":1,"featured_media":0,"parent":0,"menu_order":0,"comment_status":"closed","ping_status":"closed","template":"","meta":{"footnotes":""},"class_list":["post-297","page","type-page","status-publish","hentry"],"yoast_head":"<!-- This site is optimized with the Yoast SEO plugin v27.5 - https:\/\/yoast.com\/product\/yoast-seo-wordpress\/ -->\n<title>AUTORIDADES - ESCUELA &quot;ALFREDO BOADA ESP\u00cdN&quot;<\/title>\n<meta name=\"robots\" content=\"index, follow, max-snippet:-1, max-image-preview:large, max-video-preview:-1\" \/>\n<link rel=\"canonical\" href=\"https:\/\/alfredoboadaespin.kabuttosoft.com\/?page_id=297\" \/>\n<meta property=\"og:locale\" content=\"es_ES\" \/>\n<meta property=\"og:type\" content=\"article\" \/>\n<meta property=\"og:title\" content=\"AUTORIDADES - ESCUELA &quot;ALFREDO BOADA ESP\u00cdN&quot;\" \/>\n<meta property=\"og:description\" content=\"AUTORIDADES INSTITUCIONALES 2022 DIRECTORA &#8211; MSc. Lina Valencia Sub Directora &#8211; MSc. Ver\u00f3nica Gallardo INSPECTOR GENERAL &#8211; Lcdo. Hern\u00e1n Cachimuel O\u00f1a\" \/>\n<meta property=\"og:url\" content=\"https:\/\/alfredoboadaespin.kabuttosoft.com\/?page_id=297\" \/>\n<meta property=\"og:site_name\" content=\"ESCUELA &quot;ALFREDO BOADA ESP\u00cdN&quot;\" \/>\n<meta property=\"article:modified_time\" content=\"2022-07-15T21:57:29+00:00\" \/>\n<meta property=\"og:image\" content=\"http:\/\/alfredoboadaespin.kabuttosoft.com\/wp-content\/uploads\/2022\/07\/20220520_182420-edited-1.jpg\" \/>\n<meta name=\"twitter:card\" content=\"summary_large_image\" \/>\n<script type=\"application\/ld+json\" class=\"yoast-schema-graph\">{\"@context\":\"https:\\\/\\\/schema.org\",\"@graph\":[{\"@type\":\"WebPage\",\"@id\":\"https:\\\/\\\/alfredoboadaespin.kabuttosoft.com\\\/?page_id=297\",\"url\":\"https:\\\/\\\/alfredoboadaespin.kabuttosoft.com\\\/?page_id=297\",\"name\":\"AUTORIDADES - ESCUELA &quot;ALFREDO BOADA ESP\u00cdN&quot;\",\"isPartOf\":{\"@id\":\"https:\\\/\\\/alfredoboadaespin.kabuttosoft.com\\\/#website\"},\"primaryImageOfPage\":{\"@id\":\"https:\\\/\\\/alfredoboadaespin.kabuttosoft.com\\\/?page_id=297#primaryimage\"},\"image\":{\"@id\":\"https:\\\/\\\/alfredoboadaespin.kabuttosoft.com\\\/?page_id=297#primaryimage\"},\"thumbnailUrl\":\"http:\\\/\\\/alfredoboadaespin.kabuttosoft.com\\\/wp-content\\\/uploads\\\/2022\\\/07\\\/20220520_182420-edited-1.jpg\",\"datePublished\":\"2022-07-15T20:58:16+00:00\",\"dateModified\":\"2022-07-15T21:57:29+00:00\",\"breadcrumb\":{\"@id\":\"https:\\\/\\\/alfredoboadaespin.kabuttosoft.com\\\/?page_id=297#breadcrumb\"},\"inLanguage\":\"es\",\"potentialAction\":[{\"@type\":\"ReadAction\",\"target\":[\"https:\\\/\\\/alfredoboadaespin.kabuttosoft.com\\\/?page_id=297\"]}]},{\"@type\":\"ImageObject\",\"inLanguage\":\"es\",\"@id\":\"https:\\\/\\\/alfredoboadaespin.kabuttosoft.com\\\/?page_id=297#primaryimage\",\"url\":\"https:\\\/\\\/alfredoboadaespin.kabuttosoft.com\\\/wp-content\\\/uploads\\\/2022\\\/07\\\/20220520_182420-edited-1.jpg\",\"contentUrl\":\"https:\\\/\\\/alfredoboadaespin.kabuttosoft.com\\\/wp-content\\\/uploads\\\/2022\\\/07\\\/20220520_182420-edited-1.jpg\",\"width\":607,\"height\":605},{\"@type\":\"BreadcrumbList\",\"@id\":\"https:\\\/\\\/alfredoboadaespin.kabuttosoft.com\\\/?page_id=297#breadcrumb\",\"itemListElement\":[{\"@type\":\"ListItem\",\"position\":1,\"name\":\"Portada\",\"item\":\"https:\\\/\\\/alfredoboadaespin.kabuttosoft.com\\\/\"},{\"@type\":\"ListItem\",\"position\":2,\"name\":\"AUTORIDADES\"}]},{\"@type\":\"WebSite\",\"@id\":\"https:\\\/\\\/alfredoboadaespin.kabuttosoft.com\\\/#website\",\"url\":\"https:\\\/\\\/alfredoboadaespin.kabuttosoft.com\\\/\",\"name\":\"ESCUELA &quot;ALFREDO BOADA ESP\u00cdN&quot;\",\"description\":\"\",\"publisher\":{\"@id\":\"https:\\\/\\\/alfredoboadaespin.kabuttosoft.com\\\/#organization\"},\"potentialAction\":[{\"@type\":\"SearchAction\",\"target\":{\"@type\":\"EntryPoint\",\"urlTemplate\":\"https:\\\/\\\/alfredoboadaespin.kabuttosoft.com\\\/?s={search_term_string}\"},\"query-input\":{\"@type\":\"PropertyValueSpecification\",\"valueRequired\":true,\"valueName\":\"search_term_string\"}}],\"inLanguage\":\"es\"},{\"@type\":\"Organization\",\"@id\":\"https:\\\/\\\/alfredoboadaespin.kabuttosoft.com\\\/#organization\",\"name\":\"ESCUELA &quot;ALFREDO BOADA ESP\u00cdN&quot;\",\"url\":\"https:\\\/\\\/alfredoboadaespin.kabuttosoft.com\\\/\",\"logo\":{\"@type\":\"ImageObject\",\"inLanguage\":\"es\",\"@id\":\"https:\\\/\\\/alfredoboadaespin.kabuttosoft.com\\\/#\\\/schema\\\/logo\\\/image\\\/\",\"url\":\"https:\\\/\\\/alfredoboadaespin.kabuttosoft.com\\\/wp-content\\\/uploads\\\/2022\\\/08\\\/cropped-ESCUDO-ALFREDO-PNG.png\",\"contentUrl\":\"https:\\\/\\\/alfredoboadaespin.kabuttosoft.com\\\/wp-content\\\/uploads\\\/2022\\\/08\\\/cropped-ESCUDO-ALFREDO-PNG.png\",\"width\":283,\"height\":340,\"caption\":\"ESCUELA &quot;ALFREDO BOADA ESP\u00cdN&quot;\"},\"image\":{\"@id\":\"https:\\\/\\\/alfredoboadaespin.kabuttosoft.com\\\/#\\\/schema\\\/logo\\\/image\\\/\"}}]}<\/script>\n<!-- \/ Yoast SEO plugin. -->","yoast_head_json":{"title":"AUTORIDADES - ESCUELA &quot;ALFREDO BOADA ESP\u00cdN&quot;","robots":{"index":"index","follow":"follow","max-snippet":"max-snippet:-1","max-image-preview":"max-image-preview:large","max-video-preview":"max-video-preview:-1"},"canonical":"https:\/\/alfredoboadaespin.kabuttosoft.com\/?page_id=297","og_locale":"es_ES","og_type":"article","og_title":"AUTORIDADES - ESCUELA &quot;ALFREDO BOADA ESP\u00cdN&quot;","og_description":"AUTORIDADES INSTITUCIONALES 2022 DIRECTORA &#8211; MSc. Lina Valencia Sub Directora &#8211; MSc. Ver\u00f3nica Gallardo INSPECTOR GENERAL &#8211; Lcdo. Hern\u00e1n Cachimuel O\u00f1a","og_url":"https:\/\/alfredoboadaespin.kabuttosoft.com\/?page_id=297","og_site_name":"ESCUELA &quot;ALFREDO BOADA ESP\u00cdN&quot;","article_modified_time":"2022-07-15T21:57:29+00:00","og_image":[{"url":"http:\/\/alfredoboadaespin.kabuttosoft.com\/wp-content\/uploads\/2022\/07\/20220520_182420-edited-1.jpg","type":"","width":"","height":""}],"twitter_card":"summary_large_image","schema":{"@context":"https:\/\/schema.org","@graph":[{"@type":"WebPage","@id":"https:\/\/alfredoboadaespin.kabuttosoft.com\/?page_id=297","url":"https:\/\/alfredoboadaespin.kabuttosoft.com\/?page_id=297","name":"AUTORIDADES - ESCUELA &quot;ALFREDO BOADA ESP\u00cdN&quot;","isPartOf":{"@id":"https:\/\/alfredoboadaespin.kabuttosoft.com\/#website"},"primaryImageOfPage":{"@id":"https:\/\/alfredoboadaespin.kabuttosoft.com\/?page_id=297#primaryimage"},"image":{"@id":"https:\/\/alfredoboadaespin.kabuttosoft.com\/?page_id=297#primaryimage"},"thumbnailUrl":"http:\/\/alfredoboadaespin.kabuttosoft.com\/wp-content\/uploads\/2022\/07\/20220520_182420-edited-1.jpg","datePublished":"2022-07-15T20:58:16+00:00","dateModified":"2022-07-15T21:57:29+00:00","breadcrumb":{"@id":"https:\/\/alfredoboadaespin.kabuttosoft.com\/?page_id=297#breadcrumb"},"inLanguage":"es","potentialAction":[{"@type":"ReadAction","target":["https:\/\/alfredoboadaespin.kabuttosoft.com\/?page_id=297"]}]},{"@type":"ImageObject","inLanguage":"es","@id":"https:\/\/alfredoboadaespin.kabuttosoft.com\/?page_id=297#primaryimage","url":"https:\/\/alfredoboadaespin.kabuttosoft.com\/wp-content\/uploads\/2022\/07\/20220520_182420-edited-1.jpg","contentUrl":"https:\/\/alfredoboadaespin.kabuttosoft.com\/wp-content\/uploads\/2022\/07\/20220520_182420-edited-1.jpg","width":607,"height":605},{"@type":"BreadcrumbList","@id":"https:\/\/alfredoboadaespin.kabuttosoft.com\/?page_id=297#breadcrumb","itemListElement":[{"@type":"ListItem","position":1,"name":"Portada","item":"https:\/\/alfredoboadaespin.kabuttosoft.com\/"},{"@type":"ListItem","position":2,"name":"AUTORIDADES"}]},{"@type":"WebSite","@id":"https:\/\/alfredoboadaespin.kabuttosoft.com\/#website","url":"https:\/\/alfredoboadaespin.kabuttosoft.com\/","name":"ESCUELA &quot;ALFREDO BOADA ESP\u00cdN&quot;","description":"","publisher":{"@id":"https:\/\/alfredoboadaespin.kabuttosoft.com\/#organization"},"potentialAction":[{"@type":"SearchAction","target":{"@type":"EntryPoint","urlTemplate":"https:\/\/alfredoboadaespin.kabuttosoft.com\/?s={search_term_string}"},"query-input":{"@type":"PropertyValueSpecification","valueRequired":true,"valueName":"search_term_string"}}],"inLanguage":"es"},{"@type":"Organization","@id":"https:\/\/alfredoboadaespin.kabuttosoft.com\/#organization","name":"ESCUELA &quot;ALFREDO BOADA ESP\u00cdN&quot;","url":"https:\/\/alfredoboadaespin.kabuttosoft.com\/","logo":{"@type":"ImageObject","inLanguage":"es","@id":"https:\/\/alfredoboadaespin.kabuttosoft.com\/#\/schema\/logo\/image\/","url":"https:\/\/alfredoboadaespin.kabuttosoft.com\/wp-content\/uploads\/2022\/08\/cropped-ESCUDO-ALFREDO-PNG.png","contentUrl":"https:\/\/alfredoboadaespin.kabuttosoft.com\/wp-content\/uploads\/2022\/08\/cropped-ESCUDO-ALFREDO-PNG.png","width":283,"height":340,"caption":"ESCUELA &quot;ALFREDO BOADA ESP\u00cdN&quot;"},"image":{"@id":"https:\/\/alfredoboadaespin.kabuttosoft.com\/#\/schema\/logo\/image\/"}}]}},"_links":{"self":[{"href":"https:\/\/alfredoboadaespin.kabuttosoft.com\/index.php?rest_route=\/wp\/v2\/pages\/297","targetHints":{"allow":["GET"]}}],"collection":[{"href":"https:\/\/alfredoboadaespin.kabuttosoft.com\/index.php?rest_route=\/wp\/v2\/pages"}],"about":[{"href":"https:\/\/alfredoboadaespin.kabuttosoft.com\/index.php?rest_route=\/wp\/v2\/types\/page"}],"author":[{"embeddable":true,"href":"https:\/\/alfredoboadaespin.kabuttosoft.com\/index.php?rest_route=\/wp\/v2\/users\/1"}],"replies":[{"embeddable":true,"href":"https:\/\/alfredoboadaespin.kabuttosoft.com\/index.php?rest_route=%2Fwp%2Fv2%2Fcomments&post=297"}],"version-history":[{"count":11,"href":"https:\/\/alfredoboadaespin.kabuttosoft.com\/index.php?rest_route=\/wp\/v2\/pages\/297\/revisions"}],"predecessor-version":[{"id":322,"href":"https:\/\/alfredoboadaespin.kabuttosoft.com\/index.php?rest_route=\/wp\/v2\/pages\/297\/revisions\/322"}],"wp:attachment":[{"href":"https:\/\/alfredoboadaespin.kabuttosoft.com\/index.php?rest_route=%2Fwp%2Fv2%2Fmedia&parent=297"}],"curies":[{"name":"wp","href":"https:\/\/api.w.org\/{rel}","templated":true}]}}