{"id":278,"date":"2022-07-15T15:19:36","date_gmt":"2022-07-15T20:19:36","guid":{"rendered":"http:\/\/alfredoboadaespin.kabuttosoft.com\/?page_id=278"},"modified":"2022-07-15T17:10:00","modified_gmt":"2022-07-15T22:10:00","slug":"ubicacion","status":"publish","type":"page","link":"https:\/\/alfredoboadaespin.kabuttosoft.com\/?page_id=278","title":{"rendered":"Ubicaci\u00f3n"},"content":{"rendered":"\n<h2 class=\"wp-block-heading\">Ubicaci\u00f3n geogr\u00e1fica virtual.<\/h2>\n\n\n\n<p><\/p>\n\n\n\n<CENTER>Escuela de Educaci\u00f3n General B\u00e1sica &#8220;ALFREDO BOADA ESP\u00cdN&#8221;\n\n<iframe src=\"https:\/\/www.google.com\/maps\/embed?pb=!4v1657915794412!6m8!1m7!1sCAoSLEFGMVFpcE1rSU1ocEFrU2x4Rlk1U1dTYWFZUkZWRnZtOFBvMHVpSElnRDgz!2m2!1d0.0475921!2d-78.2222419!3f287.39594387849723!4f0!5f0.7820865974627469\" style=\"border:5;\" allowfullscreen=\"\" loading=\"lazy\" referrerpolicy=\"no-referrer-when-downgrade\" width=\"600\" height=\"600\"><\/iframe>\n<\/CENTER>\n<br>\n<CENTER>TABACUNDO &#8211; CABECERA CANTONAL\n<iframe src=\"https:\/\/www.google.com\/maps\/embed?pb=!1m18!1m12!1m3!1d1056.7660240115706!2d-78.22232749358189!3d0.04759810827295423!2m3!1f0!2f0!3f0!3m2!1i1024!2i768!4f13.1!3m3!1m2!1s0x8e2a0bc7ac66381f%3A0xe5ad9d847385cb33!2sESCUELA%20DE%20EDUCACI%C3%93N%20B%C3%81SICA%3A%20%22ALFREDO%20BOADA%20ESPIN%22!5e0!3m2!1ses-419!2sec!4v1657916952615!5m2!1ses-419!2sec\" style=\"border:5;\" allowfullscreen=\"\" loading=\"lazy\" referrerpolicy=\"no-referrer-when-downgrade\" width=\"600\" height=\"450\"><\/iframe>\n<\/CENTER>\n\n<br>\n<CENTER>CANT\u00d3N PEDRO MONCAYO &#8211; PICHINCHA &#8211; ECUADOR\n<iframe src=\"https:\/\/www.google.com\/maps\/embed?pb=!1m18!1m12!1m3!1d31918.53914832926!2d-78.22237743178546!3d0.039053014054482874!2m3!1f0!2f0!3f0!3m2!1i1024!2i768!4f13.1!3m3!1m2!1s0x8e2a0bbea28bedc9%3A0x173d3a8c9e1ee014!2sTabacundo!5e0!3m2!1ses-419!2sec!4v1657917078856!5m2!1ses-419!2sec\" style=\"border:5;\" allowfullscreen=\"\" loading=\"lazy\" referrerpolicy=\"no-referrer-when-downgrade\" width=\"600\" height=\"450\"><\/iframe>\n<\/CENTER>\n","protected":false},"excerpt":{"rendered":"<p>Ubicaci\u00f3n geogr\u00e1fica virtual. Escuela de Educaci\u00f3n General B\u00e1sica &#8220;ALFREDO BOADA ESP\u00cdN&#8221; TABACUNDO &#8211; CABECERA CANTONAL CANT\u00d3N PEDRO MONCAYO &#8211; PICHINCHA &#8211; ECUADOR<\/p>\n","protected":false},"author":1,"featured_media":0,"parent":0,"menu_order":0,"comment_status":"closed","ping_status":"closed","template":"","meta":{"_monsterinsights_skip_tracking":false,"_monsterinsights_sitenote_active":false,"_monsterinsights_sitenote_note":"","_monsterinsights_sitenote_category":0,"footnotes":""},"class_list":["post-278","page","type-page","status-publish","hentry"],"aioseo_notices":[],"yoast_head":"<!-- This site is optimized with the Yoast SEO plugin v27.5 - https:\/\/yoast.com\/product\/yoast-seo-wordpress\/ -->\n<title>Ubicaci\u00f3n -<\/title>\n<meta name=\"robots\" content=\"index, follow, max-snippet:-1, max-image-preview:large, max-video-preview:-1\" \/>\n<link rel=\"canonical\" href=\"https:\/\/alfredoboadaespin.kabuttosoft.com\/?page_id=278\" \/>\n<meta property=\"og:locale\" content=\"es_ES\" \/>\n<meta property=\"og:type\" content=\"article\" \/>\n<meta property=\"og:title\" content=\"Ubicaci\u00f3n -\" \/>\n<meta property=\"og:description\" content=\"Ubicaci\u00f3n geogr\u00e1fica virtual. Escuela de Educaci\u00f3n General B\u00e1sica &#8220;ALFREDO BOADA ESP\u00cdN&#8221; TABACUNDO &#8211; CABECERA CANTONAL CANT\u00d3N PEDRO MONCAYO &#8211; PICHINCHA &#8211; ECUADOR\" \/>\n<meta property=\"og:url\" content=\"https:\/\/alfredoboadaespin.kabuttosoft.com\/?page_id=278\" \/>\n<meta property=\"article:modified_time\" content=\"2022-07-15T22:10:00+00:00\" \/>\n<meta name=\"twitter:card\" content=\"summary_large_image\" \/>\n<script type=\"application\/ld+json\" class=\"yoast-schema-graph\">{\"@context\":\"https:\\\/\\\/schema.org\",\"@graph\":[{\"@type\":\"WebPage\",\"@id\":\"https:\\\/\\\/alfredoboadaespin.kabuttosoft.com\\\/?page_id=278\",\"url\":\"https:\\\/\\\/alfredoboadaespin.kabuttosoft.com\\\/?page_id=278\",\"name\":\"Ubicaci\u00f3n -\",\"isPartOf\":{\"@id\":\"https:\\\/\\\/alfredoboadaespin.kabuttosoft.com\\\/#website\"},\"datePublished\":\"2022-07-15T20:19:36+00:00\",\"dateModified\":\"2022-07-15T22:10:00+00:00\",\"breadcrumb\":{\"@id\":\"https:\\\/\\\/alfredoboadaespin.kabuttosoft.com\\\/?page_id=278#breadcrumb\"},\"inLanguage\":\"es\",\"potentialAction\":[{\"@type\":\"ReadAction\",\"target\":[\"https:\\\/\\\/alfredoboadaespin.kabuttosoft.com\\\/?page_id=278\"]}]},{\"@type\":\"BreadcrumbList\",\"@id\":\"https:\\\/\\\/alfredoboadaespin.kabuttosoft.com\\\/?page_id=278#breadcrumb\",\"itemListElement\":[{\"@type\":\"ListItem\",\"position\":1,\"name\":\"Portada\",\"item\":\"https:\\\/\\\/alfredoboadaespin.kabuttosoft.com\\\/\"},{\"@type\":\"ListItem\",\"position\":2,\"name\":\"Ubicaci\u00f3n\"}]},{\"@type\":\"WebSite\",\"@id\":\"https:\\\/\\\/alfredoboadaespin.kabuttosoft.com\\\/#website\",\"url\":\"https:\\\/\\\/alfredoboadaespin.kabuttosoft.com\\\/\",\"name\":\"\",\"description\":\"\",\"potentialAction\":[{\"@type\":\"SearchAction\",\"target\":{\"@type\":\"EntryPoint\",\"urlTemplate\":\"https:\\\/\\\/alfredoboadaespin.kabuttosoft.com\\\/?s={search_term_string}\"},\"query-input\":{\"@type\":\"PropertyValueSpecification\",\"valueRequired\":true,\"valueName\":\"search_term_string\"}}],\"inLanguage\":\"es\"}]}<\/script>\n<!-- \/ Yoast SEO plugin. -->","yoast_head_json":{"title":"Ubicaci\u00f3n -","robots":{"index":"index","follow":"follow","max-snippet":"max-snippet:-1","max-image-preview":"max-image-preview:large","max-video-preview":"max-video-preview:-1"},"canonical":"https:\/\/alfredoboadaespin.kabuttosoft.com\/?page_id=278","og_locale":"es_ES","og_type":"article","og_title":"Ubicaci\u00f3n -","og_description":"Ubicaci\u00f3n geogr\u00e1fica virtual. Escuela de Educaci\u00f3n General B\u00e1sica &#8220;ALFREDO BOADA ESP\u00cdN&#8221; TABACUNDO &#8211; CABECERA CANTONAL CANT\u00d3N PEDRO MONCAYO &#8211; PICHINCHA &#8211; ECUADOR","og_url":"https:\/\/alfredoboadaespin.kabuttosoft.com\/?page_id=278","article_modified_time":"2022-07-15T22:10:00+00:00","twitter_card":"summary_large_image","schema":{"@context":"https:\/\/schema.org","@graph":[{"@type":"WebPage","@id":"https:\/\/alfredoboadaespin.kabuttosoft.com\/?page_id=278","url":"https:\/\/alfredoboadaespin.kabuttosoft.com\/?page_id=278","name":"Ubicaci\u00f3n -","isPartOf":{"@id":"https:\/\/alfredoboadaespin.kabuttosoft.com\/#website"},"datePublished":"2022-07-15T20:19:36+00:00","dateModified":"2022-07-15T22:10:00+00:00","breadcrumb":{"@id":"https:\/\/alfredoboadaespin.kabuttosoft.com\/?page_id=278#breadcrumb"},"inLanguage":"es","potentialAction":[{"@type":"ReadAction","target":["https:\/\/alfredoboadaespin.kabuttosoft.com\/?page_id=278"]}]},{"@type":"BreadcrumbList","@id":"https:\/\/alfredoboadaespin.kabuttosoft.com\/?page_id=278#breadcrumb","itemListElement":[{"@type":"ListItem","position":1,"name":"Portada","item":"https:\/\/alfredoboadaespin.kabuttosoft.com\/"},{"@type":"ListItem","position":2,"name":"Ubicaci\u00f3n"}]},{"@type":"WebSite","@id":"https:\/\/alfredoboadaespin.kabuttosoft.com\/#website","url":"https:\/\/alfredoboadaespin.kabuttosoft.com\/","name":"","description":"","potentialAction":[{"@type":"SearchAction","target":{"@type":"EntryPoint","urlTemplate":"https:\/\/alfredoboadaespin.kabuttosoft.com\/?s={search_term_string}"},"query-input":{"@type":"PropertyValueSpecification","valueRequired":true,"valueName":"search_term_string"}}],"inLanguage":"es"}]}},"_links":{"self":[{"href":"https:\/\/alfredoboadaespin.kabuttosoft.com\/index.php?rest_route=\/wp\/v2\/pages\/278","targetHints":{"allow":["GET"]}}],"collection":[{"href":"https:\/\/alfredoboadaespin.kabuttosoft.com\/index.php?rest_route=\/wp\/v2\/pages"}],"about":[{"href":"https:\/\/alfredoboadaespin.kabuttosoft.com\/index.php?rest_route=\/wp\/v2\/types\/page"}],"author":[{"embeddable":true,"href":"https:\/\/alfredoboadaespin.kabuttosoft.com\/index.php?rest_route=\/wp\/v2\/users\/1"}],"replies":[{"embeddable":true,"href":"https:\/\/alfredoboadaespin.kabuttosoft.com\/index.php?rest_route=%2Fwp%2Fv2%2Fcomments&post=278"}],"version-history":[{"count":14,"href":"https:\/\/alfredoboadaespin.kabuttosoft.com\/index.php?rest_route=\/wp\/v2\/pages\/278\/revisions"}],"predecessor-version":[{"id":329,"href":"https:\/\/alfredoboadaespin.kabuttosoft.com\/index.php?rest_route=\/wp\/v2\/pages\/278\/revisions\/329"}],"wp:attachment":[{"href":"https:\/\/alfredoboadaespin.kabuttosoft.com\/index.php?rest_route=%2Fwp%2Fv2%2Fmedia&parent=278"}],"curies":[{"name":"wp","href":"https:\/\/api.w.org\/{rel}","templated":true}]}}