{"id":204,"date":"2022-06-09T15:29:31","date_gmt":"2022-06-09T20:29:31","guid":{"rendered":"https:\/\/alfredoboadaespin.kabuttosoft.com\/?page_id=204"},"modified":"2022-07-15T16:50:03","modified_gmt":"2022-07-15T21:50:03","slug":"patrono","status":"publish","type":"page","link":"https:\/\/alfredoboadaespin.kabuttosoft.com\/","title":{"rendered":"ALFREDO BOADA"},"content":{"rendered":"\n<h2 class=\"has-text-align-center wp-block-heading\">ALFREDO BOADA ESP\u00cdN<\/h2>\n\n\n\n<figure class=\"wp-block-embed is-type-video is-provider-youtube wp-block-embed-youtube wp-embed-aspect-16-9 wp-has-aspect-ratio\"><div class=\"wp-block-embed__wrapper\">\n<iframe  id=\"_ytid_38363\"  width=\"1170\" height=\"658\"  data-origwidth=\"1170\" data-origheight=\"658\" src=\"https:\/\/www.youtube.com\/embed\/Fka3Vnd4UI0?enablejsapi=1&#038;autoplay=0&#038;cc_load_policy=0&#038;cc_lang_pref=&#038;iv_load_policy=1&#038;loop=0&#038;rel=1&#038;fs=1&#038;playsinline=0&#038;autohide=2&#038;theme=dark&#038;color=red&#038;controls=1&#038;disablekb=0&#038;\" class=\"__youtube_prefs__  epyt-is-override  no-lazyload\" title=\"YouTube player\"  allow=\"fullscreen; accelerometer; autoplay; clipboard-write; encrypted-media; gyroscope; picture-in-picture; web-share\" referrerpolicy=\"strict-origin-when-cross-origin\" allowfullscreen data-no-lazy=\"1\" data-skipgform_ajax_framebjll=\"\"><\/iframe>\n<\/div><\/figure>\n\n\n\n<div class=\"wp-block-group\"><div class=\"wp-block-group__inner-container is-layout-flow wp-block-group-is-layout-flow\">\n<div class=\"wp-block-cover alignleft has-custom-content-position is-position-bottom-left\" style=\"min-height:312px;aspect-ratio:unset;\"><span aria-hidden=\"true\" class=\"wp-block-cover__background has-background-dim\"><\/span><img fetchpriority=\"high\" decoding=\"async\" width=\"189\" height=\"267\" src=\"https:\/\/alfredoboadaespin.kabuttosoft.com\/wp-content\/uploads\/2022\/06\/ALFREDO-BOADA-ESPIN.jpg\" class=\"wp-block-cover__image-background wp-post-image\" alt=\"\" data-object-fit=\"cover\" \/><div class=\"wp-block-cover__inner-container is-layout-flow wp-block-cover-is-layout-flow\">\n<p class=\"has-text-align-center has-large-font-size\">Alfredo Boada Esp\u00edn<\/p>\n<\/div><\/div>\n<\/div><\/div>\n\n\n\n<p>Naci\u00f3 en Tabacundo el 16 de enero de 1903. Fueron sus padres, don Federico Boada Aguilar y la se\u00f1ora Dolores Esp\u00edn.<\/p>\n\n\n\n<p>Recibi\u00f3 educaci\u00f3n primaria en la escuela que hoy lleva su nombre, conquistando las m\u00e1s altas calificaciones. Inici\u00f3 sus estudios secundarios en el Seminario de San Luis, de Quito. Se gradu\u00f3 de Profesor en el Normal \u201cJuan Montalvo\u201d, con notable \u00e9xito.<\/p>\n\n\n\n<p>Alfredo Boada perteneci\u00f3 al grupo de maestros que estudian y escriben, trabajan y no abandonan su preparaci\u00f3n personal. No fue de esas gentes que se anquilosan y olvidan hasta las cartillas en que resumieron sus experiencias de colegio y aula. Mente despierta e inquieta, sabe su responsabilidad y su situaci\u00f3n de hombre atormentado por el porvenir cultural del pa\u00eds. Maestro por vocaci\u00f3n, am\u00f3 entra\u00f1ablemente a los ni\u00f1os y j\u00f3venes humildes. Ense\u00f1\u00f3 en un ambiente de libertad porque quer\u00eda formar hombres libres para que puedan gobernarse por s\u00ed mismos, regir sus propias vidas, reconocer voluntariamente un deber y puedan aceptar espont\u00e1neamente un sacrificio.<\/p>\n\n\n\n<p>Inici\u00f3 su labor docente en un caser\u00edo de San Jos\u00e9 de Minas llamado Alance; despu\u00e9s desempe\u00f1\u00f3 los siguientes cargos: profesor de la escuela de Pomasqui; profesor de las escuelas Municipal y \u201c28 de Septiembre\u201d de Ibarra; en la escuela \u201cLeopoldo Ch\u00e1vez\u201d Anexa al Normal \u201cJuan Montalvo\u201d; Director de la escuela \u201cPac\u00edfico Proa\u00f1o\u201d, profesor y Director de la escuela \u201cFrancia\u201d, hoy \u201cAlfredo Boada\u201d; catedr\u00e1tico en el Normal \u201cAlejandro Ch\u00e1vez\u201d de Otavalo; Rector de los colegios \u201cAbelardo Moncayo\u201d de Atuntaqui y \u201cAlfonso Herrera\u201d de El Angel. Este educador de clara inteligencia, de generoso coraz\u00f3n y exquisita sociabilidad, en todas partes dej\u00f3 indelebles huellas de su paso luminoso, concretando en obras humanitarias y de cultura que han comprometido la gratitud de todas las poblaciones a las que sirvi\u00f3 y le recuerdan con cari\u00f1o.<\/p>\n\n\n\n<p>Fue Concejal, Vicepresidente y Presidente del Municipio de \u201cPedro Moncayo\u201d durante varios per\u00edodos: 1933, 1935, 1936, 1938, 1943 y 1949, sirviendo a su patria chica con verdadero esp\u00edritu de patriotismo, con abnegaci\u00f3n y un total desprendimiento, con iniciativas renovadas y una personalidad plenamente definida. Tuvo a flor de labios luminosos pensamientos acerca del libro; tomados de diversos autores, como: \u201cUn libro abierto es un cerebro que habla; cerrado un amigo que espera; olvidado un amigo que perdona; destrozado un coraz\u00f3n que llora\u201d. Por esto, puso libros en manos de los ni\u00f1os; cre\u00f3 la hora del cuento en las escuelas; foment\u00f3 bibliotecas y, en el caso particular del Concejo de Pedro Moncayo, increment\u00f3 la biblioteca con numerosos vol\u00famenes, especialmente de literatura, los mismos que puso al servicio de los lectores permitiendo que llevaran a las casas para leerlos. Como Presidente del Municipio de \u201cAntonio Ante\u201d, Imbabura, recibi\u00f3 \u201cel tributo de admiraci\u00f3n por honrar por muchos a\u00f1os nuestra sociedad y que, con su cultura y patriotismo contribuy\u00f3 a la realizaci\u00f3n de grandes obras en Atuntaqui.<\/p>\n\n\n\n<p>Escritor de pulcra correcci\u00f3n. Su s\u00f3lida cultura general le permiti\u00f3 escribir con soltura y fluidez sobre los m\u00e1s variados temas. Inspirado poeta de la nueva est\u00e9tica; sus veros gr\u00e1vidos de armon\u00eda interior tienen un profundo y delicado sentimiento que brotan de su alma con suavidad y dulzura incomparables; singularizan al vate subjetivo y de exquisita sensibilidad. Parte de su producci\u00f3n literaria se halla recogida en la Revista HOMENAJE POSTUMO A DON ALFREDO BOADA ESPIN, publicada por el Colegio Nacional \u201cAbelardo Moncayo\u201d de Atuntaqui, cuando Rector el tabacunde\u00f1o Augusto Mantilla Jarr\u00edn, y los Municipio de \u201cAntonio Ante\u201d y de \u201cPadro Moncayo\u201d. All\u00ed se encuentra el cuento Tragedia en el p\u00e1ramo, el cuadro melodram\u00e1tico Raza Vencida, los poemas Quejas Perdidas, Plegaria, Andando por chaqui\u00f1anes, Campesina, A la Reina de Navidad de Atuntaqui, 1958, poema que obtivo el Primer Premio en el concurso organizado por la Escuela \u201cJos\u00e9 R. Vasquez\u201d\u2026 El poema Salve Maestro obtuvo el Primer Premio en un Concurso Nacional. El art\u00edculo costumbrista La entrada de ramas; art\u00edculos en la revista internacional \u201cReflejos\u201d que dirig\u00eda el escritor Corona Cid.<\/p>\n\n\n\n<p>En sus juveniles a\u00f1os fue un destacado deportista; socio fundador y Presidente del Club Pedro Moncayo, de Tabacundo.<\/p>\n\n\n\n<p>Fue un cat\u00f3lico de verdad; vener\u00f3 a la Sant\u00edsima Virgen. En la advocaci\u00f3n de Nuestra Se\u00f1ora de Natividad, a quien, cari\u00f1osamente, la llam\u00f3 MAMA NATI.<\/p>\n\n\n\n<p>Sus discursos fogosos, valientes, interpretando el alma de la tierra a quien entreg\u00f3 sin reservas lo m\u00e1s preciado de su juventud, causaron admiraci\u00f3n de los oyentes y gratitud de sus compatriotas.<\/p>\n\n\n\n<p>Alfredo Boada, maestro de singulares y relevantes m\u00e9ritos intelectuales, pol\u00edtico prestigioso, ciudadano distinguido, amigo leal, poeta dedicado y, sobre todo, tabacunde\u00f1o ciento por ciento, falleci\u00f3 en Quito el 27 de noviembre de 1965.<\/p>\n\n\n\n<p>(Tomado del libro LOS NOMBRES DE LAS CALLES Y PARQUES DE TABACUNDO del Profesor Carlos Ernesto Estrella Aguirre.)<\/p>\n\n\n\n<p>El Ministerio de Educaci\u00f3n y Cultura design\u00f3 con el nombre de \u201cAlfredo Boada Esp\u00edn\u201d a la escuela de Tabacundo, que antes se llamaba \u201cFrancia\u201d.<\/p>\n\n\n\n<p>El Municipio de Pedro Moncayo design\u00f3 con el nombre de \u201cAlfredo Boada Esp\u00edn\u201d a una de las calles de Tabacundo.<\/p>\n\n\n\n<p>El Taller Cultural \u201cRetorno\u201d realiz\u00f3 el segundo ENCUENTRO DE POETAS Y ESCRITORES DE PICHINCHA con el nombre de \u201cALFREDO BOADA ESP\u00cdN\u201d, en el a\u00f1o 2012 y public\u00f3 un peque\u00f1o libro con selectas poes\u00edas del Poeta Tabacunde\u00f1o.<\/p>\n","protected":false},"excerpt":{"rendered":"<p>ALFREDO BOADA ESP\u00cdN Naci\u00f3 en Tabacundo el 16 de enero de 1903. Fueron sus padres, don Federico Boada Aguilar y la se\u00f1ora Dolores Esp\u00edn. Recibi\u00f3 educaci\u00f3n primaria en la escuela que hoy lleva su nombre, conquistando las m\u00e1s altas calificaciones. Inici\u00f3 sus estudios secundarios en el Seminario de San Luis, de Quito. Se gradu\u00f3 de [&hellip;]<\/p>\n","protected":false},"author":1,"featured_media":205,"parent":0,"menu_order":0,"comment_status":"closed","ping_status":"closed","template":"","meta":{"_monsterinsights_skip_tracking":false,"_monsterinsights_sitenote_active":false,"_monsterinsights_sitenote_note":"","_monsterinsights_sitenote_category":0,"footnotes":""},"class_list":["post-204","page","type-page","status-publish","has-post-thumbnail","hentry"],"aioseo_notices":[],"yoast_head":"<!-- This site is optimized with the Yoast SEO plugin v27.5 - https:\/\/yoast.com\/product\/yoast-seo-wordpress\/ -->\n<title>ALFREDO BOADA -<\/title>\n<meta name=\"robots\" content=\"index, follow, max-snippet:-1, max-image-preview:large, max-video-preview:-1\" \/>\n<link rel=\"canonical\" href=\"https:\/\/alfredoboadaespin.kabuttosoft.com\/\" \/>\n<meta property=\"og:locale\" content=\"es_ES\" \/>\n<meta property=\"og:type\" content=\"article\" \/>\n<meta property=\"og:title\" content=\"ALFREDO BOADA -\" \/>\n<meta property=\"og:description\" content=\"ALFREDO BOADA ESP\u00cdN Naci\u00f3 en Tabacundo el 16 de enero de 1903. Fueron sus padres, don Federico Boada Aguilar y la se\u00f1ora Dolores Esp\u00edn. Recibi\u00f3 educaci\u00f3n primaria en la escuela que hoy lleva su nombre, conquistando las m\u00e1s altas calificaciones. Inici\u00f3 sus estudios secundarios en el Seminario de San Luis, de Quito. Se gradu\u00f3 de [&hellip;]\" \/>\n<meta property=\"og:url\" content=\"https:\/\/alfredoboadaespin.kabuttosoft.com\/\" \/>\n<meta property=\"article:modified_time\" content=\"2022-07-15T21:50:03+00:00\" \/>\n<meta property=\"og:image\" content=\"https:\/\/alfredoboadaespin.kabuttosoft.com\/wp-content\/uploads\/2022\/06\/ALFREDO-BOADA-ESPIN.jpg\" \/>\n\t<meta property=\"og:image:width\" content=\"189\" \/>\n\t<meta property=\"og:image:height\" content=\"267\" \/>\n\t<meta property=\"og:image:type\" content=\"image\/jpeg\" \/>\n<meta name=\"twitter:card\" content=\"summary_large_image\" \/>\n<meta name=\"twitter:label1\" content=\"Tiempo de lectura\" \/>\n\t<meta name=\"twitter:data1\" content=\"4 minutos\" \/>\n<script type=\"application\/ld+json\" class=\"yoast-schema-graph\">{\"@context\":\"https:\\\/\\\/schema.org\",\"@graph\":[{\"@type\":\"WebPage\",\"@id\":\"https:\\\/\\\/alfredoboadaespin.kabuttosoft.com\\\/\",\"url\":\"https:\\\/\\\/alfredoboadaespin.kabuttosoft.com\\\/\",\"name\":\"ALFREDO BOADA -\",\"isPartOf\":{\"@id\":\"https:\\\/\\\/alfredoboadaespin.kabuttosoft.com\\\/#website\"},\"primaryImageOfPage\":{\"@id\":\"https:\\\/\\\/alfredoboadaespin.kabuttosoft.com\\\/#primaryimage\"},\"image\":{\"@id\":\"https:\\\/\\\/alfredoboadaespin.kabuttosoft.com\\\/#primaryimage\"},\"thumbnailUrl\":\"https:\\\/\\\/alfredoboadaespin.kabuttosoft.com\\\/wp-content\\\/uploads\\\/2022\\\/06\\\/ALFREDO-BOADA-ESPIN.jpg\",\"datePublished\":\"2022-06-09T20:29:31+00:00\",\"dateModified\":\"2022-07-15T21:50:03+00:00\",\"breadcrumb\":{\"@id\":\"https:\\\/\\\/alfredoboadaespin.kabuttosoft.com\\\/#breadcrumb\"},\"inLanguage\":\"es\",\"potentialAction\":[{\"@type\":\"ReadAction\",\"target\":[\"https:\\\/\\\/alfredoboadaespin.kabuttosoft.com\\\/\"]}]},{\"@type\":\"ImageObject\",\"inLanguage\":\"es\",\"@id\":\"https:\\\/\\\/alfredoboadaespin.kabuttosoft.com\\\/#primaryimage\",\"url\":\"https:\\\/\\\/alfredoboadaespin.kabuttosoft.com\\\/wp-content\\\/uploads\\\/2022\\\/06\\\/ALFREDO-BOADA-ESPIN.jpg\",\"contentUrl\":\"https:\\\/\\\/alfredoboadaespin.kabuttosoft.com\\\/wp-content\\\/uploads\\\/2022\\\/06\\\/ALFREDO-BOADA-ESPIN.jpg\",\"width\":189,\"height\":267},{\"@type\":\"BreadcrumbList\",\"@id\":\"https:\\\/\\\/alfredoboadaespin.kabuttosoft.com\\\/#breadcrumb\",\"itemListElement\":[{\"@type\":\"ListItem\",\"position\":1,\"name\":\"Portada\",\"item\":\"https:\\\/\\\/alfredoboadaespin.kabuttosoft.com\\\/\"},{\"@type\":\"ListItem\",\"position\":2,\"name\":\"ALFREDO BOADA\"}]},{\"@type\":\"WebSite\",\"@id\":\"https:\\\/\\\/alfredoboadaespin.kabuttosoft.com\\\/#website\",\"url\":\"https:\\\/\\\/alfredoboadaespin.kabuttosoft.com\\\/\",\"name\":\"\",\"description\":\"\",\"potentialAction\":[{\"@type\":\"SearchAction\",\"target\":{\"@type\":\"EntryPoint\",\"urlTemplate\":\"https:\\\/\\\/alfredoboadaespin.kabuttosoft.com\\\/?s={search_term_string}\"},\"query-input\":{\"@type\":\"PropertyValueSpecification\",\"valueRequired\":true,\"valueName\":\"search_term_string\"}}],\"inLanguage\":\"es\"}]}<\/script>\n<!-- \/ Yoast SEO plugin. -->","yoast_head_json":{"title":"ALFREDO BOADA -","robots":{"index":"index","follow":"follow","max-snippet":"max-snippet:-1","max-image-preview":"max-image-preview:large","max-video-preview":"max-video-preview:-1"},"canonical":"https:\/\/alfredoboadaespin.kabuttosoft.com\/","og_locale":"es_ES","og_type":"article","og_title":"ALFREDO BOADA -","og_description":"ALFREDO BOADA ESP\u00cdN Naci\u00f3 en Tabacundo el 16 de enero de 1903. Fueron sus padres, don Federico Boada Aguilar y la se\u00f1ora Dolores Esp\u00edn. Recibi\u00f3 educaci\u00f3n primaria en la escuela que hoy lleva su nombre, conquistando las m\u00e1s altas calificaciones. Inici\u00f3 sus estudios secundarios en el Seminario de San Luis, de Quito. Se gradu\u00f3 de [&hellip;]","og_url":"https:\/\/alfredoboadaespin.kabuttosoft.com\/","article_modified_time":"2022-07-15T21:50:03+00:00","og_image":[{"width":189,"height":267,"url":"https:\/\/alfredoboadaespin.kabuttosoft.com\/wp-content\/uploads\/2022\/06\/ALFREDO-BOADA-ESPIN.jpg","type":"image\/jpeg"}],"twitter_card":"summary_large_image","twitter_misc":{"Tiempo de lectura":"4 minutos"},"schema":{"@context":"https:\/\/schema.org","@graph":[{"@type":"WebPage","@id":"https:\/\/alfredoboadaespin.kabuttosoft.com\/","url":"https:\/\/alfredoboadaespin.kabuttosoft.com\/","name":"ALFREDO BOADA -","isPartOf":{"@id":"https:\/\/alfredoboadaespin.kabuttosoft.com\/#website"},"primaryImageOfPage":{"@id":"https:\/\/alfredoboadaespin.kabuttosoft.com\/#primaryimage"},"image":{"@id":"https:\/\/alfredoboadaespin.kabuttosoft.com\/#primaryimage"},"thumbnailUrl":"https:\/\/alfredoboadaespin.kabuttosoft.com\/wp-content\/uploads\/2022\/06\/ALFREDO-BOADA-ESPIN.jpg","datePublished":"2022-06-09T20:29:31+00:00","dateModified":"2022-07-15T21:50:03+00:00","breadcrumb":{"@id":"https:\/\/alfredoboadaespin.kabuttosoft.com\/#breadcrumb"},"inLanguage":"es","potentialAction":[{"@type":"ReadAction","target":["https:\/\/alfredoboadaespin.kabuttosoft.com\/"]}]},{"@type":"ImageObject","inLanguage":"es","@id":"https:\/\/alfredoboadaespin.kabuttosoft.com\/#primaryimage","url":"https:\/\/alfredoboadaespin.kabuttosoft.com\/wp-content\/uploads\/2022\/06\/ALFREDO-BOADA-ESPIN.jpg","contentUrl":"https:\/\/alfredoboadaespin.kabuttosoft.com\/wp-content\/uploads\/2022\/06\/ALFREDO-BOADA-ESPIN.jpg","width":189,"height":267},{"@type":"BreadcrumbList","@id":"https:\/\/alfredoboadaespin.kabuttosoft.com\/#breadcrumb","itemListElement":[{"@type":"ListItem","position":1,"name":"Portada","item":"https:\/\/alfredoboadaespin.kabuttosoft.com\/"},{"@type":"ListItem","position":2,"name":"ALFREDO BOADA"}]},{"@type":"WebSite","@id":"https:\/\/alfredoboadaespin.kabuttosoft.com\/#website","url":"https:\/\/alfredoboadaespin.kabuttosoft.com\/","name":"","description":"","potentialAction":[{"@type":"SearchAction","target":{"@type":"EntryPoint","urlTemplate":"https:\/\/alfredoboadaespin.kabuttosoft.com\/?s={search_term_string}"},"query-input":{"@type":"PropertyValueSpecification","valueRequired":true,"valueName":"search_term_string"}}],"inLanguage":"es"}]}},"_links":{"self":[{"href":"https:\/\/alfredoboadaespin.kabuttosoft.com\/index.php?rest_route=\/wp\/v2\/pages\/204","targetHints":{"allow":["GET"]}}],"collection":[{"href":"https:\/\/alfredoboadaespin.kabuttosoft.com\/index.php?rest_route=\/wp\/v2\/pages"}],"about":[{"href":"https:\/\/alfredoboadaespin.kabuttosoft.com\/index.php?rest_route=\/wp\/v2\/types\/page"}],"author":[{"embeddable":true,"href":"https:\/\/alfredoboadaespin.kabuttosoft.com\/index.php?rest_route=\/wp\/v2\/users\/1"}],"replies":[{"embeddable":true,"href":"https:\/\/alfredoboadaespin.kabuttosoft.com\/index.php?rest_route=%2Fwp%2Fv2%2Fcomments&post=204"}],"version-history":[{"count":7,"href":"https:\/\/alfredoboadaespin.kabuttosoft.com\/index.php?rest_route=\/wp\/v2\/pages\/204\/revisions"}],"predecessor-version":[{"id":320,"href":"https:\/\/alfredoboadaespin.kabuttosoft.com\/index.php?rest_route=\/wp\/v2\/pages\/204\/revisions\/320"}],"wp:featuredmedia":[{"embeddable":true,"href":"https:\/\/alfredoboadaespin.kabuttosoft.com\/index.php?rest_route=\/wp\/v2\/media\/205"}],"wp:attachment":[{"href":"https:\/\/alfredoboadaespin.kabuttosoft.com\/index.php?rest_route=%2Fwp%2Fv2%2Fmedia&parent=204"}],"curies":[{"name":"wp","href":"https:\/\/api.w.org\/{rel}","templated":true}]}}